{"id":24,"date":"2021-10-12T18:47:14","date_gmt":"2021-10-12T16:47:14","guid":{"rendered":"https:\/\/elektro49.si\/?page_id=24"},"modified":"2021-10-27T14:01:42","modified_gmt":"2021-10-27T12:01:42","slug":"domov-elektro","status":"publish","type":"page","link":"https:\/\/elektro49.si\/","title":{"rendered":"DOMOV"},"content":{"rendered":"\t\t<div data-elementor-type=\"wp-page\" data-elementor-id=\"24\" class=\"elementor elementor-24\">\n\t\t\t\t\t\t<section class=\"elementor-section elementor-top-section elementor-element elementor-element-0cca0d0 elementor-section-full_width elementor-section-height-default elementor-section-height-default\" data-id=\"0cca0d0\" data-element_type=\"section\">\n\t\t\t\t\t\t<div class=\"elementor-container elementor-column-gap-default\">\n\t\t\t\t\t<div class=\"elementor-column elementor-col-100 elementor-top-column elementor-element elementor-element-3bfeb2f\" data-id=\"3bfeb2f\" data-element_type=\"column\">\n\t\t\t<div class=\"elementor-widget-wrap elementor-element-populated\">\n\t\t\t\t\t\t<div class=\"elementor-element elementor-element-21759f0 elementor-widget elementor-widget-slider_revolution\" data-id=\"21759f0\" data-element_type=\"widget\" data-widget_type=\"slider_revolution.default\">\n\t\t\t\t<div class=\"elementor-widget-container\">\n\t\t\t\t\t\n\t\t<div class=\"wp-block-themepunch-revslider\">\n\t\t\t<!-- START Slider 1 REVOLUTION SLIDER 6.7.28 --><p class=\"rs-p-wp-fix\"><\/p>\n\t\t\t<rs-module-wrap id=\"rev_slider_1_1_wrapper\" data-source=\"gallery\" style=\"visibility:hidden;background:transparent;padding:0;margin:0px auto;margin-top:0;margin-bottom:0;\">\n\t\t\t\t<rs-module id=\"rev_slider_1_1\" style=\"\" data-version=\"6.7.28\">\n\t\t\t\t\t<rs-slides style=\"overflow: hidden; position: absolute;\">\n\t\t\t\t\t\t<rs-slide style=\"position: absolute;\" data-key=\"rs-1\" data-title=\"Slide\" data-thumb=\"\/\/elektro49.si\/wp-content\/uploads\/2021\/10\/lightbulb-g6deaaf9aa_1920-50x100.jpg\" data-duration=\"2000ms\" data-anim=\"adpr:false;\" data-in=\"o:0;\" data-out=\"a:false;\">\n\t\t\t\t\t\t\t<img fetchpriority=\"high\" decoding=\"async\" src=\"\/\/elektro49.si\/wp-content\/plugins\/revslider\/sr6\/assets\/assets\/dummy.png\" alt=\"\" title=\"lightbulb-g6deaaf9aa_1920\" width=\"1920\" height=\"1280\" class=\"rev-slidebg tp-rs-img rs-lazyload\" data-lazyload=\"\/\/elektro49.si\/wp-content\/uploads\/2021\/10\/lightbulb-g6deaaf9aa_1920.jpg\" data-no-retina>\n<!--\n\t\t\t\t\t\t\t--><rs-layer\n\t\t\t\t\t\t\t\tid=\"slider-1-slide-1-layer-2\" \n\t\t\t\t\t\t\t\tdata-type=\"text\"\n\t\t\t\t\t\t\t\tdata-color=\"#fff\"\n\t\t\t\t\t\t\t\tdata-tsh=\"c:rgba(0,0,0,0.75);h:7px;v:7px;b:10px;\"\n\t\t\t\t\t\t\t\tdata-rsp_ch=\"on\"\n\t\t\t\t\t\t\t\tdata-xy=\"x:c;y:c;\"\n\t\t\t\t\t\t\t\tdata-text=\"w:normal;s:64;l:80;fw:900;\"\n\t\t\t\t\t\t\t\tdata-dim=\"minh:0;\"\n\t\t\t\t\t\t\t\tdata-frame_0=\"y:bottom;sX:2;sY:2;rZ:70deg;\"\n\t\t\t\t\t\t\t\tdata-frame_1=\"sp:1000;\"\n\t\t\t\t\t\t\t\tdata-frame_999=\"o:0;rY:360deg;e:back.in;st:w;sp:500;\"\n\t\t\t\t\t\t\t\tstyle=\"z-index:8;font-family:'Roboto';text-transform:uppercase;\"\n\t\t\t\t\t\t\t>DOBRODO\u0160LI NA NA\u0160I SPLETNI STRANI \n\t\t\t\t\t\t\t<\/rs-layer><!--\n-->\t\t\t\t\t<\/rs-slide>\n\t\t\t\t\t\t<rs-slide style=\"position: absolute;\" data-key=\"rs-2\" data-title=\"Slide\" data-thumb=\"\/\/elektro49.si\/wp-content\/uploads\/2021\/10\/pexels-max-vakhtbovych-7005702-2048x1367-50x100.jpg\" data-duration=\"2000ms\" data-anim=\"adpr:false;\" data-in=\"o:0;\" data-out=\"a:false;\">\n\t\t\t\t\t\t\t<img decoding=\"async\" src=\"\/\/elektro49.si\/wp-content\/plugins\/revslider\/sr6\/assets\/assets\/dummy.png\" alt=\"\" title=\"pexels-max-vakhtbovych-7005702\" width=\"2048\" height=\"1367\" class=\"rev-slidebg tp-rs-img rs-lazyload\" data-lazyload=\"\/\/elektro49.si\/wp-content\/uploads\/2021\/10\/pexels-max-vakhtbovych-7005702-2048x1367.jpg\" data-bg=\"p:center top;\" data-no-retina>\n<!--\n\t\t\t\t\t\t\t--><rs-layer\n\t\t\t\t\t\t\t\tid=\"slider-1-slide-2-layer-5\" \n\t\t\t\t\t\t\t\tdata-type=\"text\"\n\t\t\t\t\t\t\t\tdata-color=\"#fff\"\n\t\t\t\t\t\t\t\tdata-tsh=\"c:rgba(0,0,0,0.75);h:7px;v:7px;b:10px;\"\n\t\t\t\t\t\t\t\tdata-rsp_ch=\"on\"\n\t\t\t\t\t\t\t\tdata-xy=\"x:c;y:c;\"\n\t\t\t\t\t\t\t\tdata-text=\"w:normal;s:74;l:93;fw:900;\"\n\t\t\t\t\t\t\t\tdata-dim=\"minh:0;\"\n\t\t\t\t\t\t\t\tdata-frame_0=\"rX:70deg;oZ:-50;\"\n\t\t\t\t\t\t\t\tdata-frame_1=\"oZ:-50;e:power4.inOut;sp:1750;\"\n\t\t\t\t\t\t\t\tdata-frame_999=\"y:0;o:0;rX:-70deg;oZ:-50;e:power4.inOut;st:w;sp:1750;\"\n\t\t\t\t\t\t\t\tstyle=\"z-index:8;font-family:'Roboto';text-transform:uppercase;\"\n\t\t\t\t\t\t\t>ELEKTRO 49 \n\t\t\t\t\t\t\t<\/rs-layer><!--\n-->\t\t\t\t\t<\/rs-slide>\n\t\t\t\t\t\t<rs-slide style=\"position: absolute;\" data-key=\"rs-3\" data-title=\"Slide\" data-thumb=\"\/\/elektro49.si\/wp-content\/uploads\/2021\/10\/electric-gaca7586be_1920-50x100.jpg\" data-duration=\"2000ms\" data-anim=\"adpr:false;\" data-in=\"o:0;\" data-out=\"a:false;\">\n\t\t\t\t\t\t\t<img decoding=\"async\" src=\"\/\/elektro49.si\/wp-content\/plugins\/revslider\/sr6\/assets\/assets\/dummy.png\" alt=\"\" title=\"electric-gaca7586be_1920\" width=\"1920\" height=\"1277\" class=\"rev-slidebg tp-rs-img rs-lazyload\" data-lazyload=\"\/\/elektro49.si\/wp-content\/uploads\/2021\/10\/electric-gaca7586be_1920.jpg\" data-no-retina>\n<!--\n\t\t\t\t\t\t\t--><rs-layer\n\t\t\t\t\t\t\t\tid=\"slider-1-slide-3-layer-6\" \n\t\t\t\t\t\t\t\tdata-type=\"text\"\n\t\t\t\t\t\t\t\tdata-color=\"#fff\"\n\t\t\t\t\t\t\t\tdata-tsh=\"c:rgba(0,0,0,0.75);h:7px;v:7px;b:10px;\"\n\t\t\t\t\t\t\t\tdata-rsp_ch=\"on\"\n\t\t\t\t\t\t\t\tdata-xy=\"x:c;y:c;\"\n\t\t\t\t\t\t\t\tdata-text=\"w:normal;s:85;l:106;fw:900;\"\n\t\t\t\t\t\t\t\tdata-dim=\"minh:0;\"\n\t\t\t\t\t\t\t\tdata-frame_0=\"x:left;skX:85;\"\n\t\t\t\t\t\t\t\tdata-frame_1=\"sp:1000;\"\n\t\t\t\t\t\t\t\tdata-frame_999=\"x:right;o:0;skX:-85;st:w;sp:1000;\"\n\t\t\t\t\t\t\t\tstyle=\"z-index:5;font-family:'Roboto';text-transform:uppercase;\"\n\t\t\t\t\t\t\t>IZBRALI STE PRAVI NASLOV \n\t\t\t\t\t\t\t<\/rs-layer><!--\n-->\t\t\t\t\t<\/rs-slide>\n\t\t\t\t\t\t<rs-slide style=\"position: absolute;\" data-key=\"rs-4\" data-title=\"Slide\" data-thumb=\"\/\/elektro49.si\/wp-content\/uploads\/2021\/10\/idea-gfd28642ca_1920-50x100.jpg\" data-duration=\"2000ms\" data-anim=\"adpr:false;\" data-in=\"o:0;\" data-out=\"a:false;\">\n\t\t\t\t\t\t\t<img loading=\"lazy\" decoding=\"async\" src=\"\/\/elektro49.si\/wp-content\/plugins\/revslider\/sr6\/assets\/assets\/dummy.png\" alt=\"\" title=\"idea-gfd28642ca_1920\" width=\"1920\" height=\"1056\" class=\"rev-slidebg tp-rs-img rs-lazyload\" data-lazyload=\"\/\/elektro49.si\/wp-content\/uploads\/2021\/10\/idea-gfd28642ca_1920.jpg\" data-no-retina>\n<!--\n\t\t\t\t\t\t\t--><rs-layer\n\t\t\t\t\t\t\t\tid=\"slider-1-slide-4-layer-7\" \n\t\t\t\t\t\t\t\tdata-type=\"text\"\n\t\t\t\t\t\t\t\tdata-color=\"#fff\"\n\t\t\t\t\t\t\t\tdata-tsh=\"c:rgba(0,0,0,0.75);h:7px;v:7px;b:10px;\"\n\t\t\t\t\t\t\t\tdata-rsp_ch=\"on\"\n\t\t\t\t\t\t\t\tdata-xy=\"x:c;y:c;\"\n\t\t\t\t\t\t\t\tdata-text=\"w:normal;s:58;l:73;fw:900;\"\n\t\t\t\t\t\t\t\tdata-dim=\"minh:0;\"\n\t\t\t\t\t\t\t\tdata-frame_0=\"y:bottom;sX:2;sY:2;rZ:70deg;\"\n\t\t\t\t\t\t\t\tdata-frame_1=\"sp:1000;\"\n\t\t\t\t\t\t\t\tdata-frame_999=\"y:200%;sX:2;sY:2;o:0;rX:-20deg;rY:-20deg;e:power3.out;st:w;sp:1000;\"\n\t\t\t\t\t\t\t\tstyle=\"z-index:5;font-family:'Roboto';text-transform:uppercase;\"\n\t\t\t\t\t\t\t>OGLEJTE SI STORITVE KI VAM JIH NUDIMO \n\t\t\t\t\t\t\t<\/rs-layer><!--\n-->\t\t\t\t\t<\/rs-slide>\n\t\t\t\t\t\t<rs-slide style=\"position: absolute;\" data-key=\"rs-5\" data-title=\"Slide\" data-thumb=\"\/\/elektro49.si\/wp-content\/uploads\/2021\/10\/camera-gfceb7c92e_1920-50x100.jpg\" data-duration=\"2000ms\" data-anim=\"adpr:false;\" data-in=\"o:0;\" data-out=\"a:false;\">\n\t\t\t\t\t\t\t<img loading=\"lazy\" decoding=\"async\" src=\"\/\/elektro49.si\/wp-content\/plugins\/revslider\/sr6\/assets\/assets\/dummy.png\" alt=\"\" title=\"camera-gfceb7c92e_1920\" width=\"1920\" height=\"1280\" class=\"rev-slidebg tp-rs-img rs-lazyload\" data-lazyload=\"\/\/elektro49.si\/wp-content\/uploads\/2021\/10\/camera-gfceb7c92e_1920.jpg\" data-no-retina>\n<!--\n\t\t\t\t\t\t\t--><rs-layer\n\t\t\t\t\t\t\t\tid=\"slider-1-slide-5-layer-8\" \n\t\t\t\t\t\t\t\tdata-type=\"text\"\n\t\t\t\t\t\t\t\tdata-color=\"#fff\"\n\t\t\t\t\t\t\t\tdata-tsh=\"c:rgba(0,0,0,0.75);h:7px;v:7px;b:10px;\"\n\t\t\t\t\t\t\t\tdata-rsp_ch=\"on\"\n\t\t\t\t\t\t\t\tdata-xy=\"x:c;y:c;\"\n\t\t\t\t\t\t\t\tdata-text=\"w:normal;s:75;l:94;fw:900;\"\n\t\t\t\t\t\t\t\tdata-dim=\"minh:0;\"\n\t\t\t\t\t\t\t\tdata-frame_0=\"rY:360deg;\"\n\t\t\t\t\t\t\t\tdata-frame_1=\"e:back.out;sp:500;\"\n\t\t\t\t\t\t\t\tdata-frame_999=\"o:0;rY:360deg;e:back.in;st:w;sp:500;\"\n\t\t\t\t\t\t\t\tstyle=\"z-index:5;font-family:'Roboto';text-transform:uppercase;\"\n\t\t\t\t\t\t\t>PI\u0160ITE NAM \n\t\t\t\t\t\t\t<\/rs-layer><!--\n-->\t\t\t\t\t<\/rs-slide>\n\t\t\t\t\t<\/rs-slides>\n\t\t\t\t<\/rs-module>\n\t\t\t\t<script>\n\t\t\t\t\tsetREVStartSize({c: 'rev_slider_1_1',rl:[1240,1024,778,480],el:[900],gw:[1240],gh:[900],type:'standard',justify:'',layout:'fullwidth',mh:\"0\"});if (window.RS_MODULES!==undefined && window.RS_MODULES.modules!==undefined && window.RS_MODULES.modules[\"revslider11\"]!==undefined) {window.RS_MODULES.modules[\"revslider11\"].once = false;window.revapi1 = undefined;if (window.RS_MODULES.checkMinimal!==undefined) window.RS_MODULES.checkMinimal()}\n\t\t\t\t<\/script>\n\t\t\t<\/rs-module-wrap>\n\t\t\t<!-- END REVOLUTION SLIDER -->\n<\/div>\n\n\t\t\t\t\t\t<\/div>\n\t\t\t\t<\/div>\n\t\t\t\t\t<\/div>\n\t\t<\/div>\n\t\t\t\t\t<\/div>\n\t\t<\/section>\n\t\t\t\t<section class=\"elementor-section elementor-top-section elementor-element elementor-element-1c817a3b elementor-section-content-middle elementor-section-boxed elementor-section-height-default elementor-section-height-default elementor-invisible\" data-id=\"1c817a3b\" data-element_type=\"section\" data-settings=\"{&quot;animation&quot;:&quot;fadeInLeft&quot;}\">\n\t\t\t\t\t\t\t<div class=\"elementor-background-overlay\"><\/div>\n\t\t\t\t\t\t\t<div class=\"elementor-container elementor-column-gap-no\">\n\t\t\t\t\t<div class=\"elementor-column elementor-col-50 elementor-top-column elementor-element elementor-element-5acc2798\" data-id=\"5acc2798\" data-element_type=\"column\">\n\t\t\t<div class=\"elementor-widget-wrap elementor-element-populated\">\n\t\t\t\t\t\t<div class=\"elementor-element elementor-element-c7b6151 elementor-widget-divider--view-line elementor-widget elementor-widget-divider\" data-id=\"c7b6151\" data-element_type=\"widget\" data-widget_type=\"divider.default\">\n\t\t\t\t<div class=\"elementor-widget-container\">\n\t\t\t\t\t\t\t<div class=\"elementor-divider\">\n\t\t\t<span class=\"elementor-divider-separator\">\n\t\t\t\t\t\t<\/span>\n\t\t<\/div>\n\t\t\t\t\t\t<\/div>\n\t\t\t\t<\/div>\n\t\t\t\t<div class=\"elementor-element elementor-element-6de69ee5 elementor-widget elementor-widget-heading\" data-id=\"6de69ee5\" data-element_type=\"widget\" data-widget_type=\"heading.default\">\n\t\t\t\t<div class=\"elementor-widget-container\">\n\t\t\t\t\t<h1 class=\"elementor-heading-title elementor-size-default\">KDO SMO?<\/h1>\t\t\t\t<\/div>\n\t\t\t\t<\/div>\n\t\t\t\t\t<\/div>\n\t\t<\/div>\n\t\t\t\t<div class=\"elementor-column elementor-col-50 elementor-top-column elementor-element elementor-element-4cb98f0a\" data-id=\"4cb98f0a\" data-element_type=\"column\">\n\t\t\t<div class=\"elementor-widget-wrap elementor-element-populated\">\n\t\t\t\t\t\t<div class=\"elementor-element elementor-element-4c77a578 elementor-widget elementor-widget-text-editor\" data-id=\"4c77a578\" data-element_type=\"widget\" data-widget_type=\"text-editor.default\">\n\t\t\t\t<div class=\"elementor-widget-container\">\n\t\t\t\t\t\t\t\t\t<p>Smo mlado elektro podjetje iz Roga\u0161ke Slatine, ki se ukvarja z vezavo industrijskih <a href=\"https:\/\/elektro49.si\/index.php\/elektroinstalacije\/vezava-omar\/\">elektro omar<\/a>, hi\u0161nih in\u0161talacij, <a href=\"https:\/\/elektro49.si\/index.php\/elektroinstalacije\/razsvetljava\/\">razsvetljave<\/a>,\u00a0<a href=\"https:\/\/elektro49.si\/index.php\/videonadzor\/\">videonadzora in alarmov<\/a>, kotlovnic, strelovodov, nekak\u0161en del tudi fontan in pametnih instalacij.<\/p><p>Dela opravljamo v Sloveniji in tudi v sosednji Avstriji. Smo nem\u0161ko govore\u010da ekipa in smo popolnoma samostojni. Uporabljamo moderna orodja, s katerimi dela opravimo hitro, enostavno in kvalitetno.<\/p><p>Svojo samostojno pot smo za\u010deli z 25.05.2020 in tako \u0161e naprej osre\u010dujemo stranke z na\u0161imi storitvami. Smo mlad tim, ki svoja dela ne opravi ni\u010d druga\u010de kot strokovno, natan\u010dno, estetsko, funkcionalno.<\/p>\t\t\t\t\t\t\t\t<\/div>\n\t\t\t\t<\/div>\n\t\t\t\t<div class=\"elementor-element elementor-element-44c72fcd elementor-widget elementor-widget-text-editor\" data-id=\"44c72fcd\" data-element_type=\"widget\" data-widget_type=\"text-editor.default\">\n\t\t\t\t<div class=\"elementor-widget-container\">\n\t\t\t\t\t\t\t\t\t<div><p>\u010ce bi radi, da Vam katero od storitev opravimo mi, nam napi\u0161ite, mi pa Vam bomo z veseljem odgovorili.<\/p><\/div><div>\u00a0<\/div>\t\t\t\t\t\t\t\t<\/div>\n\t\t\t\t<\/div>\n\t\t\t\t\t<\/div>\n\t\t<\/div>\n\t\t\t\t\t<\/div>\n\t\t<\/section>\n\t\t\t\t<\/div>\n\t\t","protected":false},"excerpt":{"rendered":"<p>KDO SMO? Smo mlado elektro podjetje iz Roga\u0161ke Slatine, ki se ukvarja z vezavo industrijskih elektro omar, hi\u0161nih in\u0161talacij, razsvetljave,&nbsp;videonadzora in alarmov, kotlovnic, strelovodov, nekak\u0161en del tudi fontan in pametnih instalacij. Dela opravljamo v Sloveniji in tudi v sosednji Avstriji. Smo nem\u0161ko govore\u010da ekipa in smo popolnoma samostojni. Uporabljamo moderna orodja, s katerimi dela opravimo [&hellip;]<\/p>\n","protected":false},"author":1,"featured_media":0,"parent":0,"menu_order":0,"comment_status":"closed","ping_status":"closed","template":"","meta":{"_acf_changed":false,"footnotes":""},"class_list":["post-24","page","type-page","status-publish","hentry"],"yoast_head":"<!-- This site is optimized with the Yoast SEO plugin v26.5 - https:\/\/yoast.com\/wordpress\/plugins\/seo\/ -->\n<title>Elektro 49<\/title>\n<meta name=\"description\" content=\"Elektro podjetje iz Roga\u0161ke Slatine. Vezava industrijskih elektro omar, hi\u0161nih in\u0161talacij, videonadzora, kotlovnic, strelovodov.\" \/>\n<meta name=\"robots\" content=\"index, follow, max-snippet:-1, max-image-preview:large, max-video-preview:-1\" \/>\n<link rel=\"canonical\" href=\"https:\/\/elektro49.si\/\" \/>\n<meta property=\"og:locale\" content=\"sl_SI\" \/>\n<meta property=\"og:type\" content=\"article\" \/>\n<meta property=\"og:title\" content=\"Elektro 49\" \/>\n<meta property=\"og:description\" content=\"Elektro podjetje iz Roga\u0161ke Slatine. Vezava industrijskih elektro omar, hi\u0161nih in\u0161talacij, videonadzora, kotlovnic, strelovodov.\" \/>\n<meta property=\"og:url\" content=\"https:\/\/elektro49.si\/\" \/>\n<meta property=\"og:site_name\" content=\"Elektro 49\" \/>\n<meta property=\"article:publisher\" content=\"https:\/\/www.facebook.com\/Elektro-49-106935184462980\" \/>\n<meta property=\"article:modified_time\" content=\"2021-10-27T12:01:42+00:00\" \/>\n<meta property=\"og:image\" content=\"https:\/\/elektro49.si\/wp-content\/uploads\/2021\/10\/logo2.png\" \/>\n\t<meta property=\"og:image:width\" content=\"1200\" \/>\n\t<meta property=\"og:image:height\" content=\"630\" \/>\n\t<meta property=\"og:image:type\" content=\"image\/png\" \/>\n<meta name=\"twitter:card\" content=\"summary_large_image\" \/>\n<meta name=\"twitter:label1\" content=\"Est. reading time\" \/>\n\t<meta name=\"twitter:data1\" content=\"1 minuta\" \/>\n<script type=\"application\/ld+json\" class=\"yoast-schema-graph\">{\"@context\":\"https:\/\/schema.org\",\"@graph\":[{\"@type\":[\"WebPage\",\"AboutPage\"],\"@id\":\"https:\/\/elektro49.si\/\",\"url\":\"https:\/\/elektro49.si\/\",\"name\":\"Elektro 49\",\"isPartOf\":{\"@id\":\"https:\/\/elektro49.si\/#website\"},\"datePublished\":\"2021-10-12T16:47:14+00:00\",\"dateModified\":\"2021-10-27T12:01:42+00:00\",\"description\":\"Elektro podjetje iz Roga\u0161ke Slatine. Vezava industrijskih elektro omar, hi\u0161nih in\u0161talacij, videonadzora, kotlovnic, strelovodov.\",\"breadcrumb\":{\"@id\":\"https:\/\/elektro49.si\/#breadcrumb\"},\"inLanguage\":\"sl-SI\",\"potentialAction\":[{\"@type\":\"ReadAction\",\"target\":[\"https:\/\/elektro49.si\/\"]}]},{\"@type\":\"BreadcrumbList\",\"@id\":\"https:\/\/elektro49.si\/#breadcrumb\",\"itemListElement\":[{\"@type\":\"ListItem\",\"position\":1,\"name\":\"Home\",\"item\":\"https:\/\/elektro49.si\/\"},{\"@type\":\"ListItem\",\"position\":2,\"name\":\"DOMOV\"}]},{\"@type\":\"WebSite\",\"@id\":\"https:\/\/elektro49.si\/#website\",\"url\":\"https:\/\/elektro49.si\/\",\"name\":\"Elektro 49\",\"description\":\"\",\"publisher\":{\"@id\":\"https:\/\/elektro49.si\/#organization\"},\"potentialAction\":[{\"@type\":\"SearchAction\",\"target\":{\"@type\":\"EntryPoint\",\"urlTemplate\":\"https:\/\/elektro49.si\/?s={search_term_string}\"},\"query-input\":{\"@type\":\"PropertyValueSpecification\",\"valueRequired\":true,\"valueName\":\"search_term_string\"}}],\"inLanguage\":\"sl-SI\"},{\"@type\":\"Organization\",\"@id\":\"https:\/\/elektro49.si\/#organization\",\"name\":\"Elektro 39, Leon Jan\u017eek s.p.\",\"url\":\"https:\/\/elektro49.si\/\",\"logo\":{\"@type\":\"ImageObject\",\"inLanguage\":\"sl-SI\",\"@id\":\"https:\/\/elektro49.si\/#\/schema\/logo\/image\/\",\"url\":\"https:\/\/elektro49.si\/wp-content\/uploads\/2021\/10\/elektro49-favicon.png\",\"contentUrl\":\"https:\/\/elektro49.si\/wp-content\/uploads\/2021\/10\/elektro49-favicon.png\",\"width\":512,\"height\":512,\"caption\":\"Elektro 39, Leon Jan\u017eek s.p.\"},\"image\":{\"@id\":\"https:\/\/elektro49.si\/#\/schema\/logo\/image\/\"},\"sameAs\":[\"https:\/\/www.facebook.com\/Elektro-49-106935184462980\"]}]}<\/script>\n<!-- \/ Yoast SEO plugin. -->","yoast_head_json":{"title":"Elektro 49","description":"Elektro podjetje iz Roga\u0161ke Slatine. Vezava industrijskih elektro omar, hi\u0161nih in\u0161talacij, videonadzora, kotlovnic, strelovodov.","robots":{"index":"index","follow":"follow","max-snippet":"max-snippet:-1","max-image-preview":"max-image-preview:large","max-video-preview":"max-video-preview:-1"},"canonical":"https:\/\/elektro49.si\/","og_locale":"sl_SI","og_type":"article","og_title":"Elektro 49","og_description":"Elektro podjetje iz Roga\u0161ke Slatine. Vezava industrijskih elektro omar, hi\u0161nih in\u0161talacij, videonadzora, kotlovnic, strelovodov.","og_url":"https:\/\/elektro49.si\/","og_site_name":"Elektro 49","article_publisher":"https:\/\/www.facebook.com\/Elektro-49-106935184462980","article_modified_time":"2021-10-27T12:01:42+00:00","og_image":[{"width":1200,"height":630,"url":"https:\/\/elektro49.si\/wp-content\/uploads\/2021\/10\/logo2.png","type":"image\/png"}],"twitter_card":"summary_large_image","twitter_misc":{"Est. reading time":"1 minuta"},"schema":{"@context":"https:\/\/schema.org","@graph":[{"@type":["WebPage","AboutPage"],"@id":"https:\/\/elektro49.si\/","url":"https:\/\/elektro49.si\/","name":"Elektro 49","isPartOf":{"@id":"https:\/\/elektro49.si\/#website"},"datePublished":"2021-10-12T16:47:14+00:00","dateModified":"2021-10-27T12:01:42+00:00","description":"Elektro podjetje iz Roga\u0161ke Slatine. Vezava industrijskih elektro omar, hi\u0161nih in\u0161talacij, videonadzora, kotlovnic, strelovodov.","breadcrumb":{"@id":"https:\/\/elektro49.si\/#breadcrumb"},"inLanguage":"sl-SI","potentialAction":[{"@type":"ReadAction","target":["https:\/\/elektro49.si\/"]}]},{"@type":"BreadcrumbList","@id":"https:\/\/elektro49.si\/#breadcrumb","itemListElement":[{"@type":"ListItem","position":1,"name":"Home","item":"https:\/\/elektro49.si\/"},{"@type":"ListItem","position":2,"name":"DOMOV"}]},{"@type":"WebSite","@id":"https:\/\/elektro49.si\/#website","url":"https:\/\/elektro49.si\/","name":"Elektro 49","description":"","publisher":{"@id":"https:\/\/elektro49.si\/#organization"},"potentialAction":[{"@type":"SearchAction","target":{"@type":"EntryPoint","urlTemplate":"https:\/\/elektro49.si\/?s={search_term_string}"},"query-input":{"@type":"PropertyValueSpecification","valueRequired":true,"valueName":"search_term_string"}}],"inLanguage":"sl-SI"},{"@type":"Organization","@id":"https:\/\/elektro49.si\/#organization","name":"Elektro 39, Leon Jan\u017eek s.p.","url":"https:\/\/elektro49.si\/","logo":{"@type":"ImageObject","inLanguage":"sl-SI","@id":"https:\/\/elektro49.si\/#\/schema\/logo\/image\/","url":"https:\/\/elektro49.si\/wp-content\/uploads\/2021\/10\/elektro49-favicon.png","contentUrl":"https:\/\/elektro49.si\/wp-content\/uploads\/2021\/10\/elektro49-favicon.png","width":512,"height":512,"caption":"Elektro 39, Leon Jan\u017eek s.p."},"image":{"@id":"https:\/\/elektro49.si\/#\/schema\/logo\/image\/"},"sameAs":["https:\/\/www.facebook.com\/Elektro-49-106935184462980"]}]}},"acf":[],"_links":{"self":[{"href":"https:\/\/elektro49.si\/index.php\/wp-json\/wp\/v2\/pages\/24","targetHints":{"allow":["GET"]}}],"collection":[{"href":"https:\/\/elektro49.si\/index.php\/wp-json\/wp\/v2\/pages"}],"about":[{"href":"https:\/\/elektro49.si\/index.php\/wp-json\/wp\/v2\/types\/page"}],"author":[{"embeddable":true,"href":"https:\/\/elektro49.si\/index.php\/wp-json\/wp\/v2\/users\/1"}],"replies":[{"embeddable":true,"href":"https:\/\/elektro49.si\/index.php\/wp-json\/wp\/v2\/comments?post=24"}],"version-history":[{"count":0,"href":"https:\/\/elektro49.si\/index.php\/wp-json\/wp\/v2\/pages\/24\/revisions"}],"wp:attachment":[{"href":"https:\/\/elektro49.si\/index.php\/wp-json\/wp\/v2\/media?parent=24"}],"curies":[{"name":"wp","href":"https:\/\/api.w.org\/{rel}","templated":true}]}}