{"id":267,"date":"2021-10-20T20:00:26","date_gmt":"2021-10-20T18:00:26","guid":{"rendered":"https:\/\/elektro49.si\/?page_id=267"},"modified":"2021-10-27T14:49:15","modified_gmt":"2021-10-27T12:49:15","slug":"pravilnik-o-zasebnosti","status":"publish","type":"page","link":"https:\/\/elektro49.si\/index.php\/pravilnik-o-zasebnosti\/","title":{"rendered":"Pravilnik o zasebnosti"},"content":{"rendered":"\n<p>Na na\u0161i spletni strani uporabljamo pi\u0161kotke (cookies). Pi\u0161kotki so majhne txt datoteke, ki jih va\u0161 brskalnik (Firefox, Chrome, Opera ali drugi programi za brskanje po spletu), nalo\u017ei na va\u0161 ra\u010dunalnik kadar brskate po spletu.<\/p>\n\n\n\n<p>V skladu s priporo\u010dili informacijskega poobla\u0161\u010denca, smo na na\u0161o spletno stran namestili obvestilo o uporabi pi\u0161kotkov, hkrati pa smo vam omogo\u010dili tudi izbiro, katere pi\u0161kotke \u017eelite uporabljati in katere ne.<\/p>\n\n\n\n<h4 class=\"wp-block-heading\"><p class=\"has-normal-font-size\"><strong>VRSTE PI\u0160KOTKOV NA ELEKTRO49.SI STRANI<\/strong><\/p><\/h4>\n\n\n\n<p><strong>Obvezni pi\u0161kotki<\/strong><br>Obvezni pi\u0161kotki, so tisti pi\u0161kotki, ki jih spletna stran potrebuje za pravilno delovanje. To so na primer pi\u0161kotki, ki skrbijo za seje (session) prijavljenih naro\u010dnikov (servisne strani), so tudi pi\u0161kotki, ki se nalo\u017eimo na va\u0161 ra\u010dunalnik zaradi tega, da ob naslednjem obisku vemo, katere od ostalih pi\u0161kotke dovolite in katere ne.<\/p>\n\n\n\n<p><strong>Statistika obiska<\/strong><\/p>\n\n\n\n<p>Upravljalci spletnega mesta elektro49.si \u017eelimo vedeti, kje se na\u0161i obiskovalci zadr\u017eujejo, katere od posameznih vsebin so najbolj obiskane in od kod sploh pridete na na\u0161o spletno stran. To je na\u0161a edina povratna informacija in ve\u010dinoma edini stik z na\u0161imi obiskovalci. Zaradi tega bele\u017eimo statistiko ogledov.<\/p>\n\n\n\n<p>Na podlagi pi\u0161kotkov, ki jih nalo\u017eimo na va\u0161 ra\u010dunalnik, lahko vemo ali ste pri\u0161li k nam prvi\u010d, ali pa ste na\u0161 redni obiskovalec.<\/p>\n\n\n\n<p><strong>Se lahko v celoti izognem nalaganju pi\u0161kotkov?<\/strong><br>V kolikor sploh ne \u017eelite, da se pi\u0161kotki iz na\u0161e strani nalagajo na va\u0161 ra\u010dunalnik, lahko to mo\u017enosti izklopite v nastavitvah va\u0161ega brskalnika. V tem primeru ne boste prejeli nobenega pi\u0161kotka. V kolikor va\u0161 brskalnik takih nastavitev ne podpira, predlagamo da ga nemudoma nadomestite s sodobnej\u0161im in varnej\u0161im. Velika ve\u010dina brskalnikov v uporabi (99%) vsebuje mo\u017enost nastavitve stopnje va\u0161e zasebnosti in tudi mo\u017enost onemogo\u010danja nalaganja pi\u0161kotkov.<\/p>\n\n\n\n<p><strong>Kako odstranim ustvarjene pi\u0161kotke?<\/strong><br>\u2013&nbsp;<a rel=\"noreferrer noopener\" href=\"https:\/\/support.google.com\/chrome\/answer\/95647?hl=sl-sl&amp;p=cpn_cookies\" target=\"_blank\">Brskalnik Google Chrome<\/a><br>\u2013&nbsp;<a rel=\"noreferrer noopener\" href=\"http:\/\/support.mozilla.org\/sl\/kb\/kako-omogocite-onemogocite-piskote-v-katerih-splet?redirectlocale=sl&amp;redirectslug=Kako+aktivirate+in+deaktivirate+pi%C5%A1kote\" target=\"_blank\">Brskalnik Mozilla Firefox<\/a><br>\u2013&nbsp;<a rel=\"noreferrer noopener\" href=\"http:\/\/www.opera.com\/help\/tutorials\/security\/cookies\/\" target=\"_blank\">Brskalnik Opera (angl)<\/a><br>\u2013&nbsp;<a rel=\"noreferrer noopener\" href=\"http:\/\/support.apple.com\/kb\/PH11913\" target=\"_blank\">Brskalnik Safari (angl)<\/a><\/p>\n\n\n\n<h4 class=\"wp-block-heading\"><strong>VAROVANJE OSEBNIH PODATKOV<\/strong><\/h4>\n\n\n\n<p>Osebne podatke vne\u0161ene v spletne obrazce varujemo in hranimo v skladu z GDPR.<\/p>\n\n\n\n<p>Pravilnik o zasebnosti je bil napisan oziroma dopolnjen dne 27.10.2021.<\/p>\n\n\n\n<p>Ta pravilnik zasebnosti velja za vse obiskovalce spletne strani elektro49.si.<\/p>\n","protected":false},"excerpt":{"rendered":"<p>Na na\u0161i spletni strani uporabljamo pi\u0161kotke (cookies). Pi\u0161kotki so majhne txt datoteke, ki jih va\u0161 brskalnik (Firefox, Chrome, Opera ali drugi programi za brskanje po spletu), nalo\u017ei na va\u0161 ra\u010dunalnik kadar brskate po spletu. V skladu s priporo\u010dili informacijskega poobla\u0161\u010denca, smo na na\u0161o spletno stran namestili obvestilo o uporabi pi\u0161kotkov, hkrati pa smo vam omogo\u010dili [&hellip;]<\/p>\n","protected":false},"author":1,"featured_media":0,"parent":0,"menu_order":0,"comment_status":"closed","ping_status":"closed","template":"","meta":{"_acf_changed":false,"footnotes":""},"class_list":["post-267","page","type-page","status-publish","hentry"],"yoast_head":"<!-- This site is optimized with the Yoast SEO plugin v26.5 - https:\/\/yoast.com\/wordpress\/plugins\/seo\/ -->\n<title>Pravilnik o zasebnosti - Elektro 49<\/title>\n<meta name=\"description\" content=\"Pravilnik o zasebnosti za elektro49.si dolo\u010da kako se na na\u0161i spletni strani bele\u017eijo pi\u0161kotki in kako se podatki varujejo po skladu z GDPR.\" \/>\n<meta name=\"robots\" content=\"index, follow, max-snippet:-1, max-image-preview:large, max-video-preview:-1\" \/>\n<link rel=\"canonical\" href=\"https:\/\/elektro49.si\/index.php\/pravilnik-o-zasebnosti\/\" \/>\n<meta property=\"og:locale\" content=\"sl_SI\" \/>\n<meta property=\"og:type\" content=\"article\" \/>\n<meta property=\"og:title\" content=\"Pravilnik o zasebnosti - Elektro 49\" \/>\n<meta property=\"og:description\" content=\"Pravilnik o zasebnosti za elektro49.si dolo\u010da kako se na na\u0161i spletni strani bele\u017eijo pi\u0161kotki in kako se podatki varujejo po skladu z GDPR.\" \/>\n<meta property=\"og:url\" content=\"https:\/\/elektro49.si\/index.php\/pravilnik-o-zasebnosti\/\" \/>\n<meta property=\"og:site_name\" content=\"Elektro 49\" \/>\n<meta property=\"article:publisher\" content=\"https:\/\/www.facebook.com\/Elektro-49-106935184462980\" \/>\n<meta property=\"article:modified_time\" content=\"2021-10-27T12:49:15+00:00\" \/>\n<meta property=\"og:image\" content=\"https:\/\/elektro49.si\/wp-content\/uploads\/2021\/10\/logo2.png\" \/>\n\t<meta property=\"og:image:width\" content=\"1200\" \/>\n\t<meta property=\"og:image:height\" content=\"630\" \/>\n\t<meta property=\"og:image:type\" content=\"image\/png\" \/>\n<meta name=\"twitter:card\" content=\"summary_large_image\" \/>\n<meta name=\"twitter:label1\" content=\"Est. reading time\" \/>\n\t<meta name=\"twitter:data1\" content=\"2 minuti\" \/>\n<script type=\"application\/ld+json\" class=\"yoast-schema-graph\">{\"@context\":\"https:\/\/schema.org\",\"@graph\":[{\"@type\":\"WebPage\",\"@id\":\"https:\/\/elektro49.si\/index.php\/pravilnik-o-zasebnosti\/\",\"url\":\"https:\/\/elektro49.si\/index.php\/pravilnik-o-zasebnosti\/\",\"name\":\"Pravilnik o zasebnosti - Elektro 49\",\"isPartOf\":{\"@id\":\"https:\/\/elektro49.si\/#website\"},\"datePublished\":\"2021-10-20T18:00:26+00:00\",\"dateModified\":\"2021-10-27T12:49:15+00:00\",\"description\":\"Pravilnik o zasebnosti za elektro49.si dolo\u010da kako se na na\u0161i spletni strani bele\u017eijo pi\u0161kotki in kako se podatki varujejo po skladu z GDPR.\",\"breadcrumb\":{\"@id\":\"https:\/\/elektro49.si\/index.php\/pravilnik-o-zasebnosti\/#breadcrumb\"},\"inLanguage\":\"sl-SI\",\"potentialAction\":[{\"@type\":\"ReadAction\",\"target\":[\"https:\/\/elektro49.si\/index.php\/pravilnik-o-zasebnosti\/\"]}]},{\"@type\":\"BreadcrumbList\",\"@id\":\"https:\/\/elektro49.si\/index.php\/pravilnik-o-zasebnosti\/#breadcrumb\",\"itemListElement\":[{\"@type\":\"ListItem\",\"position\":1,\"name\":\"Home\",\"item\":\"https:\/\/elektro49.si\/\"},{\"@type\":\"ListItem\",\"position\":2,\"name\":\"Pravilnik o zasebnosti\"}]},{\"@type\":\"WebSite\",\"@id\":\"https:\/\/elektro49.si\/#website\",\"url\":\"https:\/\/elektro49.si\/\",\"name\":\"Elektro 49\",\"description\":\"\",\"publisher\":{\"@id\":\"https:\/\/elektro49.si\/#organization\"},\"potentialAction\":[{\"@type\":\"SearchAction\",\"target\":{\"@type\":\"EntryPoint\",\"urlTemplate\":\"https:\/\/elektro49.si\/?s={search_term_string}\"},\"query-input\":{\"@type\":\"PropertyValueSpecification\",\"valueRequired\":true,\"valueName\":\"search_term_string\"}}],\"inLanguage\":\"sl-SI\"},{\"@type\":\"Organization\",\"@id\":\"https:\/\/elektro49.si\/#organization\",\"name\":\"Elektro 39, Leon Jan\u017eek s.p.\",\"url\":\"https:\/\/elektro49.si\/\",\"logo\":{\"@type\":\"ImageObject\",\"inLanguage\":\"sl-SI\",\"@id\":\"https:\/\/elektro49.si\/#\/schema\/logo\/image\/\",\"url\":\"https:\/\/elektro49.si\/wp-content\/uploads\/2021\/10\/elektro49-favicon.png\",\"contentUrl\":\"https:\/\/elektro49.si\/wp-content\/uploads\/2021\/10\/elektro49-favicon.png\",\"width\":512,\"height\":512,\"caption\":\"Elektro 39, Leon Jan\u017eek s.p.\"},\"image\":{\"@id\":\"https:\/\/elektro49.si\/#\/schema\/logo\/image\/\"},\"sameAs\":[\"https:\/\/www.facebook.com\/Elektro-49-106935184462980\"]}]}<\/script>\n<!-- \/ Yoast SEO plugin. -->","yoast_head_json":{"title":"Pravilnik o zasebnosti - Elektro 49","description":"Pravilnik o zasebnosti za elektro49.si dolo\u010da kako se na na\u0161i spletni strani bele\u017eijo pi\u0161kotki in kako se podatki varujejo po skladu z GDPR.","robots":{"index":"index","follow":"follow","max-snippet":"max-snippet:-1","max-image-preview":"max-image-preview:large","max-video-preview":"max-video-preview:-1"},"canonical":"https:\/\/elektro49.si\/index.php\/pravilnik-o-zasebnosti\/","og_locale":"sl_SI","og_type":"article","og_title":"Pravilnik o zasebnosti - Elektro 49","og_description":"Pravilnik o zasebnosti za elektro49.si dolo\u010da kako se na na\u0161i spletni strani bele\u017eijo pi\u0161kotki in kako se podatki varujejo po skladu z GDPR.","og_url":"https:\/\/elektro49.si\/index.php\/pravilnik-o-zasebnosti\/","og_site_name":"Elektro 49","article_publisher":"https:\/\/www.facebook.com\/Elektro-49-106935184462980","article_modified_time":"2021-10-27T12:49:15+00:00","og_image":[{"width":1200,"height":630,"url":"https:\/\/elektro49.si\/wp-content\/uploads\/2021\/10\/logo2.png","type":"image\/png"}],"twitter_card":"summary_large_image","twitter_misc":{"Est. reading time":"2 minuti"},"schema":{"@context":"https:\/\/schema.org","@graph":[{"@type":"WebPage","@id":"https:\/\/elektro49.si\/index.php\/pravilnik-o-zasebnosti\/","url":"https:\/\/elektro49.si\/index.php\/pravilnik-o-zasebnosti\/","name":"Pravilnik o zasebnosti - Elektro 49","isPartOf":{"@id":"https:\/\/elektro49.si\/#website"},"datePublished":"2021-10-20T18:00:26+00:00","dateModified":"2021-10-27T12:49:15+00:00","description":"Pravilnik o zasebnosti za elektro49.si dolo\u010da kako se na na\u0161i spletni strani bele\u017eijo pi\u0161kotki in kako se podatki varujejo po skladu z GDPR.","breadcrumb":{"@id":"https:\/\/elektro49.si\/index.php\/pravilnik-o-zasebnosti\/#breadcrumb"},"inLanguage":"sl-SI","potentialAction":[{"@type":"ReadAction","target":["https:\/\/elektro49.si\/index.php\/pravilnik-o-zasebnosti\/"]}]},{"@type":"BreadcrumbList","@id":"https:\/\/elektro49.si\/index.php\/pravilnik-o-zasebnosti\/#breadcrumb","itemListElement":[{"@type":"ListItem","position":1,"name":"Home","item":"https:\/\/elektro49.si\/"},{"@type":"ListItem","position":2,"name":"Pravilnik o zasebnosti"}]},{"@type":"WebSite","@id":"https:\/\/elektro49.si\/#website","url":"https:\/\/elektro49.si\/","name":"Elektro 49","description":"","publisher":{"@id":"https:\/\/elektro49.si\/#organization"},"potentialAction":[{"@type":"SearchAction","target":{"@type":"EntryPoint","urlTemplate":"https:\/\/elektro49.si\/?s={search_term_string}"},"query-input":{"@type":"PropertyValueSpecification","valueRequired":true,"valueName":"search_term_string"}}],"inLanguage":"sl-SI"},{"@type":"Organization","@id":"https:\/\/elektro49.si\/#organization","name":"Elektro 39, Leon Jan\u017eek s.p.","url":"https:\/\/elektro49.si\/","logo":{"@type":"ImageObject","inLanguage":"sl-SI","@id":"https:\/\/elektro49.si\/#\/schema\/logo\/image\/","url":"https:\/\/elektro49.si\/wp-content\/uploads\/2021\/10\/elektro49-favicon.png","contentUrl":"https:\/\/elektro49.si\/wp-content\/uploads\/2021\/10\/elektro49-favicon.png","width":512,"height":512,"caption":"Elektro 39, Leon Jan\u017eek s.p."},"image":{"@id":"https:\/\/elektro49.si\/#\/schema\/logo\/image\/"},"sameAs":["https:\/\/www.facebook.com\/Elektro-49-106935184462980"]}]}},"acf":[],"_links":{"self":[{"href":"https:\/\/elektro49.si\/index.php\/wp-json\/wp\/v2\/pages\/267","targetHints":{"allow":["GET"]}}],"collection":[{"href":"https:\/\/elektro49.si\/index.php\/wp-json\/wp\/v2\/pages"}],"about":[{"href":"https:\/\/elektro49.si\/index.php\/wp-json\/wp\/v2\/types\/page"}],"author":[{"embeddable":true,"href":"https:\/\/elektro49.si\/index.php\/wp-json\/wp\/v2\/users\/1"}],"replies":[{"embeddable":true,"href":"https:\/\/elektro49.si\/index.php\/wp-json\/wp\/v2\/comments?post=267"}],"version-history":[{"count":0,"href":"https:\/\/elektro49.si\/index.php\/wp-json\/wp\/v2\/pages\/267\/revisions"}],"wp:attachment":[{"href":"https:\/\/elektro49.si\/index.php\/wp-json\/wp\/v2\/media?parent=267"}],"curies":[{"name":"wp","href":"https:\/\/api.w.org\/{rel}","templated":true}]}}