{"id":29,"date":"2021-10-12T18:48:45","date_gmt":"2021-10-12T16:48:45","guid":{"rendered":"https:\/\/elektro49.si\/?page_id=29"},"modified":"2021-10-27T19:28:22","modified_gmt":"2021-10-27T17:28:22","slug":"razsvetljava","status":"publish","type":"page","link":"https:\/\/elektro49.si\/index.php\/elektroinstalacije\/razsvetljava\/","title":{"rendered":"Razsvetljava"},"content":{"rendered":"\t\t<div data-elementor-type=\"wp-page\" data-elementor-id=\"29\" class=\"elementor elementor-29\">\n\t\t\t\t\t\t<section class=\"elementor-section elementor-top-section elementor-element elementor-element-3775b9e0 elementor-section-boxed elementor-section-height-default elementor-section-height-default\" data-id=\"3775b9e0\" data-element_type=\"section\">\n\t\t\t\t\t\t<div class=\"elementor-container elementor-column-gap-default\">\n\t\t\t\t\t<div class=\"elementor-column elementor-col-100 elementor-top-column elementor-element elementor-element-7d121b95\" data-id=\"7d121b95\" data-element_type=\"column\">\n\t\t\t<div class=\"elementor-widget-wrap elementor-element-populated\">\n\t\t\t\t\t\t<div class=\"elementor-element elementor-element-580ffe97 elementor-widget elementor-widget-text-editor\" data-id=\"580ffe97\" data-element_type=\"widget\" data-widget_type=\"text-editor.default\">\n\t\t\t\t<div class=\"elementor-widget-container\">\n\t\t\t\t\t\t\t\t\t<p>Ker se zavedamo, da Vam razsvetljava v domu lahko naredi popolnoma druga\u010den in bolj energi\u010den prostor, Vam pri na\u0161em podjetju ELEKTRO 49 nudimo monta\u017eo razli\u010dnih svetil, kot so:<\/p><ul><li>osvetlitev z LED TRAKOVI<\/li><li>osvetlitev z LED LU\u010cMI<\/li><li>osvetlitev z STARINSKIM IZGLEDOM LU\u010cI<\/li><\/ul>\t\t\t\t\t\t\t\t<\/div>\n\t\t\t\t<\/div>\n\t\t\t\t\t<\/div>\n\t\t<\/div>\n\t\t\t\t\t<\/div>\n\t\t<\/section>\n\t\t\t\t<section class=\"elementor-section elementor-top-section elementor-element elementor-element-272bbe50 elementor-section-content-middle elementor-section-boxed elementor-section-height-default elementor-section-height-default\" data-id=\"272bbe50\" data-element_type=\"section\">\n\t\t\t\t\t\t<div class=\"elementor-container elementor-column-gap-no\">\n\t\t\t\t\t<div class=\"elementor-column elementor-col-100 elementor-top-column elementor-element elementor-element-74646dc0\" data-id=\"74646dc0\" data-element_type=\"column\">\n\t\t\t<div class=\"elementor-widget-wrap elementor-element-populated\">\n\t\t\t\t\t\t<div class=\"elementor-element elementor-element-5f7bd84b gallery-spacing-custom elementor-widget elementor-widget-image-gallery\" data-id=\"5f7bd84b\" data-element_type=\"widget\" data-widget_type=\"image-gallery.default\">\n\t\t\t\t<div class=\"elementor-widget-container\">\n\t\t\t\t\t\t\t<div class=\"elementor-image-gallery\">\n\t\t\t<div id='gallery-1' class='gallery galleryid-29 gallery-columns-3 gallery-size-full'><figure class='gallery-item'>\n\t\t\t<div class='gallery-icon portrait'>\n\t\t\t\t<a data-elementor-open-lightbox=\"yes\" data-elementor-lightbox-slideshow=\"5f7bd84b\" data-elementor-lightbox-title=\"IMG_20210709_084201\" data-e-action-hash=\"#elementor-action%3Aaction%3Dlightbox%26settings%3DeyJpZCI6MjU1LCJ1cmwiOiJodHRwczpcL1wvZWxla3RybzQ5LnNpXC93cC1jb250ZW50XC91cGxvYWRzXC8yMDIxXC8xMFwvSU1HXzIwMjEwNzA5XzA4NDIwMS1zY2FsZWQuanBnIiwic2xpZGVzaG93IjoiNWY3YmQ4NGIifQ%3D%3D\" href='https:\/\/elektro49.si\/wp-content\/uploads\/2021\/10\/IMG_20210709_084201-scaled.jpg'><img fetchpriority=\"high\" decoding=\"async\" width=\"1920\" height=\"2560\" src=\"https:\/\/elektro49.si\/wp-content\/uploads\/2021\/10\/IMG_20210709_084201-scaled.jpg\" class=\"attachment-full size-full\" alt=\"\" srcset=\"https:\/\/elektro49.si\/wp-content\/uploads\/2021\/10\/IMG_20210709_084201-scaled.jpg 1920w, https:\/\/elektro49.si\/wp-content\/uploads\/2021\/10\/IMG_20210709_084201-225x300.jpg 225w, https:\/\/elektro49.si\/wp-content\/uploads\/2021\/10\/IMG_20210709_084201-768x1024.jpg 768w, https:\/\/elektro49.si\/wp-content\/uploads\/2021\/10\/IMG_20210709_084201-1152x1536.jpg 1152w, https:\/\/elektro49.si\/wp-content\/uploads\/2021\/10\/IMG_20210709_084201-1536x2048.jpg 1536w\" sizes=\"(max-width: 1920px) 100vw, 1920px\" \/><\/a>\n\t\t\t<\/div><\/figure><figure class='gallery-item'>\n\t\t\t<div class='gallery-icon portrait'>\n\t\t\t\t<a data-elementor-open-lightbox=\"yes\" data-elementor-lightbox-slideshow=\"5f7bd84b\" data-elementor-lightbox-title=\"IMG_20210403_091437\" data-e-action-hash=\"#elementor-action%3Aaction%3Dlightbox%26settings%3DeyJpZCI6MjU3LCJ1cmwiOiJodHRwczpcL1wvZWxla3RybzQ5LnNpXC93cC1jb250ZW50XC91cGxvYWRzXC8yMDIxXC8xMFwvSU1HXzIwMjEwNDAzXzA5MTQzNy1zY2FsZWQuanBnIiwic2xpZGVzaG93IjoiNWY3YmQ4NGIifQ%3D%3D\" href='https:\/\/elektro49.si\/wp-content\/uploads\/2021\/10\/IMG_20210403_091437-scaled.jpg'><img decoding=\"async\" width=\"1920\" height=\"2560\" src=\"https:\/\/elektro49.si\/wp-content\/uploads\/2021\/10\/IMG_20210403_091437-scaled.jpg\" class=\"attachment-full size-full\" alt=\"\" srcset=\"https:\/\/elektro49.si\/wp-content\/uploads\/2021\/10\/IMG_20210403_091437-scaled.jpg 1920w, https:\/\/elektro49.si\/wp-content\/uploads\/2021\/10\/IMG_20210403_091437-225x300.jpg 225w, https:\/\/elektro49.si\/wp-content\/uploads\/2021\/10\/IMG_20210403_091437-768x1024.jpg 768w, https:\/\/elektro49.si\/wp-content\/uploads\/2021\/10\/IMG_20210403_091437-1152x1536.jpg 1152w, https:\/\/elektro49.si\/wp-content\/uploads\/2021\/10\/IMG_20210403_091437-1536x2048.jpg 1536w\" sizes=\"(max-width: 1920px) 100vw, 1920px\" \/><\/a>\n\t\t\t<\/div><\/figure><figure class='gallery-item'>\n\t\t\t<div class='gallery-icon portrait'>\n\t\t\t\t<a data-elementor-open-lightbox=\"yes\" data-elementor-lightbox-slideshow=\"5f7bd84b\" data-elementor-lightbox-title=\"IMG_20210709_084147\" data-e-action-hash=\"#elementor-action%3Aaction%3Dlightbox%26settings%3DeyJpZCI6MjU4LCJ1cmwiOiJodHRwczpcL1wvZWxla3RybzQ5LnNpXC93cC1jb250ZW50XC91cGxvYWRzXC8yMDIxXC8xMFwvSU1HXzIwMjEwNzA5XzA4NDE0Ny1zY2FsZWQuanBnIiwic2xpZGVzaG93IjoiNWY3YmQ4NGIifQ%3D%3D\" href='https:\/\/elektro49.si\/wp-content\/uploads\/2021\/10\/IMG_20210709_084147-scaled.jpg'><img decoding=\"async\" width=\"1920\" height=\"2560\" src=\"https:\/\/elektro49.si\/wp-content\/uploads\/2021\/10\/IMG_20210709_084147-scaled.jpg\" class=\"attachment-full size-full\" alt=\"\" srcset=\"https:\/\/elektro49.si\/wp-content\/uploads\/2021\/10\/IMG_20210709_084147-scaled.jpg 1920w, https:\/\/elektro49.si\/wp-content\/uploads\/2021\/10\/IMG_20210709_084147-225x300.jpg 225w, https:\/\/elektro49.si\/wp-content\/uploads\/2021\/10\/IMG_20210709_084147-768x1024.jpg 768w, https:\/\/elektro49.si\/wp-content\/uploads\/2021\/10\/IMG_20210709_084147-1152x1536.jpg 1152w, https:\/\/elektro49.si\/wp-content\/uploads\/2021\/10\/IMG_20210709_084147-1536x2048.jpg 1536w\" sizes=\"(max-width: 1920px) 100vw, 1920px\" \/><\/a>\n\t\t\t<\/div><\/figure><figure class='gallery-item'>\n\t\t\t<div class='gallery-icon portrait'>\n\t\t\t\t<a data-elementor-open-lightbox=\"yes\" data-elementor-lightbox-slideshow=\"5f7bd84b\" data-elementor-lightbox-title=\"IMG_20210216_175439\" data-e-action-hash=\"#elementor-action%3Aaction%3Dlightbox%26settings%3DeyJpZCI6MjU5LCJ1cmwiOiJodHRwczpcL1wvZWxla3RybzQ5LnNpXC93cC1jb250ZW50XC91cGxvYWRzXC8yMDIxXC8xMFwvSU1HXzIwMjEwMjE2XzE3NTQzOS1zY2FsZWQuanBnIiwic2xpZGVzaG93IjoiNWY3YmQ4NGIifQ%3D%3D\" href='https:\/\/elektro49.si\/wp-content\/uploads\/2021\/10\/IMG_20210216_175439-scaled.jpg'><img loading=\"lazy\" decoding=\"async\" width=\"1920\" height=\"2560\" src=\"https:\/\/elektro49.si\/wp-content\/uploads\/2021\/10\/IMG_20210216_175439-scaled.jpg\" class=\"attachment-full size-full\" alt=\"\" srcset=\"https:\/\/elektro49.si\/wp-content\/uploads\/2021\/10\/IMG_20210216_175439-scaled.jpg 1920w, https:\/\/elektro49.si\/wp-content\/uploads\/2021\/10\/IMG_20210216_175439-225x300.jpg 225w, https:\/\/elektro49.si\/wp-content\/uploads\/2021\/10\/IMG_20210216_175439-768x1024.jpg 768w, https:\/\/elektro49.si\/wp-content\/uploads\/2021\/10\/IMG_20210216_175439-1152x1536.jpg 1152w, https:\/\/elektro49.si\/wp-content\/uploads\/2021\/10\/IMG_20210216_175439-1536x2048.jpg 1536w\" sizes=\"(max-width: 1920px) 100vw, 1920px\" \/><\/a>\n\t\t\t<\/div><\/figure><figure class='gallery-item'>\n\t\t\t<div class='gallery-icon portrait'>\n\t\t\t\t<a data-elementor-open-lightbox=\"yes\" data-elementor-lightbox-slideshow=\"5f7bd84b\" data-elementor-lightbox-title=\"IMG-7f62393c1b42eb053afcab57210867be-V\" data-e-action-hash=\"#elementor-action%3Aaction%3Dlightbox%26settings%3DeyJpZCI6MjYwLCJ1cmwiOiJodHRwczpcL1wvZWxla3RybzQ5LnNpXC93cC1jb250ZW50XC91cGxvYWRzXC8yMDIxXC8xMFwvSU1HLTdmNjIzOTNjMWI0MmViMDUzYWZjYWI1NzIxMDg2N2JlLVYuanBnIiwic2xpZGVzaG93IjoiNWY3YmQ4NGIifQ%3D%3D\" href='https:\/\/elektro49.si\/wp-content\/uploads\/2021\/10\/IMG-7f62393c1b42eb053afcab57210867be-V.jpg'><img loading=\"lazy\" decoding=\"async\" width=\"1200\" height=\"1600\" src=\"https:\/\/elektro49.si\/wp-content\/uploads\/2021\/10\/IMG-7f62393c1b42eb053afcab57210867be-V.jpg\" class=\"attachment-full size-full\" alt=\"\" srcset=\"https:\/\/elektro49.si\/wp-content\/uploads\/2021\/10\/IMG-7f62393c1b42eb053afcab57210867be-V.jpg 1200w, https:\/\/elektro49.si\/wp-content\/uploads\/2021\/10\/IMG-7f62393c1b42eb053afcab57210867be-V-225x300.jpg 225w, https:\/\/elektro49.si\/wp-content\/uploads\/2021\/10\/IMG-7f62393c1b42eb053afcab57210867be-V-768x1024.jpg 768w, https:\/\/elektro49.si\/wp-content\/uploads\/2021\/10\/IMG-7f62393c1b42eb053afcab57210867be-V-1152x1536.jpg 1152w\" sizes=\"(max-width: 1200px) 100vw, 1200px\" \/><\/a>\n\t\t\t<\/div><\/figure><figure class='gallery-item'>\n\t\t\t<div class='gallery-icon portrait'>\n\t\t\t\t<a data-elementor-open-lightbox=\"yes\" data-elementor-lightbox-slideshow=\"5f7bd84b\" data-elementor-lightbox-title=\"IMG-c74f56fab8bdef3e1824d630c10cee2c-V\" data-e-action-hash=\"#elementor-action%3Aaction%3Dlightbox%26settings%3DeyJpZCI6MjYxLCJ1cmwiOiJodHRwczpcL1wvZWxla3RybzQ5LnNpXC93cC1jb250ZW50XC91cGxvYWRzXC8yMDIxXC8xMFwvSU1HLWM3NGY1NmZhYjhiZGVmM2UxODI0ZDYzMGMxMGNlZTJjLVYuanBnIiwic2xpZGVzaG93IjoiNWY3YmQ4NGIifQ%3D%3D\" href='https:\/\/elektro49.si\/wp-content\/uploads\/2021\/10\/IMG-c74f56fab8bdef3e1824d630c10cee2c-V.jpg'><img loading=\"lazy\" decoding=\"async\" width=\"1200\" height=\"1600\" src=\"https:\/\/elektro49.si\/wp-content\/uploads\/2021\/10\/IMG-c74f56fab8bdef3e1824d630c10cee2c-V.jpg\" class=\"attachment-full size-full\" alt=\"\" srcset=\"https:\/\/elektro49.si\/wp-content\/uploads\/2021\/10\/IMG-c74f56fab8bdef3e1824d630c10cee2c-V.jpg 1200w, https:\/\/elektro49.si\/wp-content\/uploads\/2021\/10\/IMG-c74f56fab8bdef3e1824d630c10cee2c-V-225x300.jpg 225w, https:\/\/elektro49.si\/wp-content\/uploads\/2021\/10\/IMG-c74f56fab8bdef3e1824d630c10cee2c-V-768x1024.jpg 768w, https:\/\/elektro49.si\/wp-content\/uploads\/2021\/10\/IMG-c74f56fab8bdef3e1824d630c10cee2c-V-1152x1536.jpg 1152w\" sizes=\"(max-width: 1200px) 100vw, 1200px\" \/><\/a>\n\t\t\t<\/div><\/figure><figure class='gallery-item'>\n\t\t\t<div class='gallery-icon portrait'>\n\t\t\t\t<a data-elementor-open-lightbox=\"yes\" data-elementor-lightbox-slideshow=\"5f7bd84b\" data-elementor-lightbox-title=\"IMG-c1f2fca47ae97fda42cc048c468c955d-V\" data-e-action-hash=\"#elementor-action%3Aaction%3Dlightbox%26settings%3DeyJpZCI6MjYyLCJ1cmwiOiJodHRwczpcL1wvZWxla3RybzQ5LnNpXC93cC1jb250ZW50XC91cGxvYWRzXC8yMDIxXC8xMFwvSU1HLWMxZjJmY2E0N2FlOTdmZGE0MmNjMDQ4YzQ2OGM5NTVkLVYuanBnIiwic2xpZGVzaG93IjoiNWY3YmQ4NGIifQ%3D%3D\" href='https:\/\/elektro49.si\/wp-content\/uploads\/2021\/10\/IMG-c1f2fca47ae97fda42cc048c468c955d-V.jpg'><img loading=\"lazy\" decoding=\"async\" width=\"1200\" height=\"1600\" src=\"https:\/\/elektro49.si\/wp-content\/uploads\/2021\/10\/IMG-c1f2fca47ae97fda42cc048c468c955d-V.jpg\" class=\"attachment-full size-full\" alt=\"\" srcset=\"https:\/\/elektro49.si\/wp-content\/uploads\/2021\/10\/IMG-c1f2fca47ae97fda42cc048c468c955d-V.jpg 1200w, https:\/\/elektro49.si\/wp-content\/uploads\/2021\/10\/IMG-c1f2fca47ae97fda42cc048c468c955d-V-225x300.jpg 225w, https:\/\/elektro49.si\/wp-content\/uploads\/2021\/10\/IMG-c1f2fca47ae97fda42cc048c468c955d-V-768x1024.jpg 768w, https:\/\/elektro49.si\/wp-content\/uploads\/2021\/10\/IMG-c1f2fca47ae97fda42cc048c468c955d-V-1152x1536.jpg 1152w\" sizes=\"(max-width: 1200px) 100vw, 1200px\" \/><\/a>\n\t\t\t<\/div><\/figure><figure class='gallery-item'>\n\t\t\t<div class='gallery-icon portrait'>\n\t\t\t\t<a data-elementor-open-lightbox=\"yes\" data-elementor-lightbox-slideshow=\"5f7bd84b\" data-elementor-lightbox-title=\"IMG-ec7f02eaaa51439f76c507e21458162a-V\" data-e-action-hash=\"#elementor-action%3Aaction%3Dlightbox%26settings%3DeyJpZCI6MjYzLCJ1cmwiOiJodHRwczpcL1wvZWxla3RybzQ5LnNpXC93cC1jb250ZW50XC91cGxvYWRzXC8yMDIxXC8xMFwvSU1HLWVjN2YwMmVhYWE1MTQzOWY3NmM1MDdlMjE0NTgxNjJhLVYuanBnIiwic2xpZGVzaG93IjoiNWY3YmQ4NGIifQ%3D%3D\" href='https:\/\/elektro49.si\/wp-content\/uploads\/2021\/10\/IMG-ec7f02eaaa51439f76c507e21458162a-V.jpg'><img loading=\"lazy\" decoding=\"async\" width=\"1200\" height=\"1600\" src=\"https:\/\/elektro49.si\/wp-content\/uploads\/2021\/10\/IMG-ec7f02eaaa51439f76c507e21458162a-V.jpg\" class=\"attachment-full size-full\" alt=\"\" srcset=\"https:\/\/elektro49.si\/wp-content\/uploads\/2021\/10\/IMG-ec7f02eaaa51439f76c507e21458162a-V.jpg 1200w, https:\/\/elektro49.si\/wp-content\/uploads\/2021\/10\/IMG-ec7f02eaaa51439f76c507e21458162a-V-225x300.jpg 225w, https:\/\/elektro49.si\/wp-content\/uploads\/2021\/10\/IMG-ec7f02eaaa51439f76c507e21458162a-V-768x1024.jpg 768w, https:\/\/elektro49.si\/wp-content\/uploads\/2021\/10\/IMG-ec7f02eaaa51439f76c507e21458162a-V-1152x1536.jpg 1152w\" sizes=\"(max-width: 1200px) 100vw, 1200px\" \/><\/a>\n\t\t\t<\/div><\/figure><figure class='gallery-item'>\n\t\t\t<div class='gallery-icon portrait'>\n\t\t\t\t<a data-elementor-open-lightbox=\"yes\" data-elementor-lightbox-slideshow=\"5f7bd84b\" data-elementor-lightbox-title=\"IMG_20210507_130132\" data-e-action-hash=\"#elementor-action%3Aaction%3Dlightbox%26settings%3DeyJpZCI6MjU2LCJ1cmwiOiJodHRwczpcL1wvZWxla3RybzQ5LnNpXC93cC1jb250ZW50XC91cGxvYWRzXC8yMDIxXC8xMFwvSU1HXzIwMjEwNTA3XzEzMDEzMi1zY2FsZWQuanBnIiwic2xpZGVzaG93IjoiNWY3YmQ4NGIifQ%3D%3D\" href='https:\/\/elektro49.si\/wp-content\/uploads\/2021\/10\/IMG_20210507_130132-scaled.jpg'><img loading=\"lazy\" decoding=\"async\" width=\"1920\" height=\"2560\" src=\"https:\/\/elektro49.si\/wp-content\/uploads\/2021\/10\/IMG_20210507_130132-scaled.jpg\" class=\"attachment-full size-full\" alt=\"\" srcset=\"https:\/\/elektro49.si\/wp-content\/uploads\/2021\/10\/IMG_20210507_130132-scaled.jpg 1920w, https:\/\/elektro49.si\/wp-content\/uploads\/2021\/10\/IMG_20210507_130132-225x300.jpg 225w, https:\/\/elektro49.si\/wp-content\/uploads\/2021\/10\/IMG_20210507_130132-768x1024.jpg 768w, https:\/\/elektro49.si\/wp-content\/uploads\/2021\/10\/IMG_20210507_130132-1152x1536.jpg 1152w, https:\/\/elektro49.si\/wp-content\/uploads\/2021\/10\/IMG_20210507_130132-1536x2048.jpg 1536w\" sizes=\"(max-width: 1920px) 100vw, 1920px\" \/><\/a>\n\t\t\t<\/div><\/figure>\n\t\t<\/div>\n\t\t<\/div>\n\t\t\t\t\t\t<\/div>\n\t\t\t\t<\/div>\n\t\t\t\t\t<\/div>\n\t\t<\/div>\n\t\t\t\t\t<\/div>\n\t\t<\/section>\n\t\t\t\t<\/div>\n\t\t","protected":false},"excerpt":{"rendered":"<p>Ker se zavedamo, da Vam razsvetljava v domu lahko naredi popolnoma druga\u010den in bolj energi\u010den prostor, Vam pri na\u0161em podjetju ELEKTRO 49 nudimo monta\u017eo razli\u010dnih svetil, kot so: osvetlitev z LED TRAKOVI osvetlitev z LED LU\u010cMI osvetlitev z STARINSKIM IZGLEDOM LU\u010cI<\/p>\n","protected":false},"author":1,"featured_media":0,"parent":26,"menu_order":0,"comment_status":"closed","ping_status":"closed","template":"","meta":{"_acf_changed":false,"footnotes":""},"class_list":["post-29","page","type-page","status-publish","hentry"],"yoast_head":"<!-- This site is optimized with the Yoast SEO plugin v26.5 - https:\/\/yoast.com\/wordpress\/plugins\/seo\/ -->\n<title>Razsvetljava - Elektro 49<\/title>\n<meta name=\"description\" content=\"Razsvetljava: monta\u017ea razli\u010dnih svetil, kot so: osvetlitev z LED TRAKOVI, osvetlitev z LED LU\u010cMI, osvetlitev z STARINSKIM IZGLEDOM LU\u010cI.\" \/>\n<meta name=\"robots\" content=\"index, follow, max-snippet:-1, max-image-preview:large, max-video-preview:-1\" \/>\n<link rel=\"canonical\" href=\"https:\/\/elektro49.si\/index.php\/elektroinstalacije\/razsvetljava\/\" \/>\n<meta property=\"og:locale\" content=\"sl_SI\" \/>\n<meta property=\"og:type\" content=\"article\" \/>\n<meta property=\"og:title\" content=\"Razsvetljava - Elektro 49\" \/>\n<meta property=\"og:description\" content=\"Razsvetljava: monta\u017ea razli\u010dnih svetil, kot so: osvetlitev z LED TRAKOVI, osvetlitev z LED LU\u010cMI, osvetlitev z STARINSKIM IZGLEDOM LU\u010cI.\" \/>\n<meta property=\"og:url\" content=\"https:\/\/elektro49.si\/index.php\/elektroinstalacije\/razsvetljava\/\" \/>\n<meta property=\"og:site_name\" content=\"Elektro 49\" \/>\n<meta property=\"article:publisher\" content=\"https:\/\/www.facebook.com\/Elektro-49-106935184462980\" \/>\n<meta property=\"article:modified_time\" content=\"2021-10-27T17:28:22+00:00\" \/>\n<meta property=\"og:image\" content=\"https:\/\/elektro49.si\/wp-content\/uploads\/2021\/10\/IMG_20210709_084201-scaled.jpg\" \/>\n<meta name=\"twitter:card\" content=\"summary_large_image\" \/>\n<meta name=\"twitter:label1\" content=\"Est. reading time\" \/>\n\t<meta name=\"twitter:data1\" content=\"2 minuti\" \/>\n<script type=\"application\/ld+json\" class=\"yoast-schema-graph\">{\"@context\":\"https:\/\/schema.org\",\"@graph\":[{\"@type\":\"WebPage\",\"@id\":\"https:\/\/elektro49.si\/index.php\/elektroinstalacije\/razsvetljava\/\",\"url\":\"https:\/\/elektro49.si\/index.php\/elektroinstalacije\/razsvetljava\/\",\"name\":\"Razsvetljava - Elektro 49\",\"isPartOf\":{\"@id\":\"https:\/\/elektro49.si\/#website\"},\"primaryImageOfPage\":{\"@id\":\"https:\/\/elektro49.si\/index.php\/elektroinstalacije\/razsvetljava\/#primaryimage\"},\"image\":{\"@id\":\"https:\/\/elektro49.si\/index.php\/elektroinstalacije\/razsvetljava\/#primaryimage\"},\"thumbnailUrl\":\"https:\/\/elektro49.si\/wp-content\/uploads\/2021\/10\/IMG_20210709_084201-scaled.jpg\",\"datePublished\":\"2021-10-12T16:48:45+00:00\",\"dateModified\":\"2021-10-27T17:28:22+00:00\",\"description\":\"Razsvetljava: monta\u017ea razli\u010dnih svetil, kot so: osvetlitev z LED TRAKOVI, osvetlitev z LED LU\u010cMI, osvetlitev z STARINSKIM IZGLEDOM LU\u010cI.\",\"breadcrumb\":{\"@id\":\"https:\/\/elektro49.si\/index.php\/elektroinstalacije\/razsvetljava\/#breadcrumb\"},\"inLanguage\":\"sl-SI\",\"potentialAction\":[{\"@type\":\"ReadAction\",\"target\":[\"https:\/\/elektro49.si\/index.php\/elektroinstalacije\/razsvetljava\/\"]}]},{\"@type\":\"ImageObject\",\"inLanguage\":\"sl-SI\",\"@id\":\"https:\/\/elektro49.si\/index.php\/elektroinstalacije\/razsvetljava\/#primaryimage\",\"url\":\"https:\/\/elektro49.si\/wp-content\/uploads\/2021\/10\/IMG_20210709_084201-scaled.jpg\",\"contentUrl\":\"https:\/\/elektro49.si\/wp-content\/uploads\/2021\/10\/IMG_20210709_084201-scaled.jpg\",\"width\":1920,\"height\":2560},{\"@type\":\"BreadcrumbList\",\"@id\":\"https:\/\/elektro49.si\/index.php\/elektroinstalacije\/razsvetljava\/#breadcrumb\",\"itemListElement\":[{\"@type\":\"ListItem\",\"position\":1,\"name\":\"Home\",\"item\":\"https:\/\/elektro49.si\/\"},{\"@type\":\"ListItem\",\"position\":2,\"name\":\"ELEKTROIN\u0160TALACIJE\",\"item\":\"https:\/\/elektro49.si\/index.php\/elektroinstalacije\/\"},{\"@type\":\"ListItem\",\"position\":3,\"name\":\"Razsvetljava\"}]},{\"@type\":\"WebSite\",\"@id\":\"https:\/\/elektro49.si\/#website\",\"url\":\"https:\/\/elektro49.si\/\",\"name\":\"Elektro 49\",\"description\":\"\",\"publisher\":{\"@id\":\"https:\/\/elektro49.si\/#organization\"},\"potentialAction\":[{\"@type\":\"SearchAction\",\"target\":{\"@type\":\"EntryPoint\",\"urlTemplate\":\"https:\/\/elektro49.si\/?s={search_term_string}\"},\"query-input\":{\"@type\":\"PropertyValueSpecification\",\"valueRequired\":true,\"valueName\":\"search_term_string\"}}],\"inLanguage\":\"sl-SI\"},{\"@type\":\"Organization\",\"@id\":\"https:\/\/elektro49.si\/#organization\",\"name\":\"Elektro 39, Leon Jan\u017eek s.p.\",\"url\":\"https:\/\/elektro49.si\/\",\"logo\":{\"@type\":\"ImageObject\",\"inLanguage\":\"sl-SI\",\"@id\":\"https:\/\/elektro49.si\/#\/schema\/logo\/image\/\",\"url\":\"https:\/\/elektro49.si\/wp-content\/uploads\/2021\/10\/elektro49-favicon.png\",\"contentUrl\":\"https:\/\/elektro49.si\/wp-content\/uploads\/2021\/10\/elektro49-favicon.png\",\"width\":512,\"height\":512,\"caption\":\"Elektro 39, Leon Jan\u017eek s.p.\"},\"image\":{\"@id\":\"https:\/\/elektro49.si\/#\/schema\/logo\/image\/\"},\"sameAs\":[\"https:\/\/www.facebook.com\/Elektro-49-106935184462980\"]}]}<\/script>\n<!-- \/ Yoast SEO plugin. -->","yoast_head_json":{"title":"Razsvetljava - Elektro 49","description":"Razsvetljava: monta\u017ea razli\u010dnih svetil, kot so: osvetlitev z LED TRAKOVI, osvetlitev z LED LU\u010cMI, osvetlitev z STARINSKIM IZGLEDOM LU\u010cI.","robots":{"index":"index","follow":"follow","max-snippet":"max-snippet:-1","max-image-preview":"max-image-preview:large","max-video-preview":"max-video-preview:-1"},"canonical":"https:\/\/elektro49.si\/index.php\/elektroinstalacije\/razsvetljava\/","og_locale":"sl_SI","og_type":"article","og_title":"Razsvetljava - Elektro 49","og_description":"Razsvetljava: monta\u017ea razli\u010dnih svetil, kot so: osvetlitev z LED TRAKOVI, osvetlitev z LED LU\u010cMI, osvetlitev z STARINSKIM IZGLEDOM LU\u010cI.","og_url":"https:\/\/elektro49.si\/index.php\/elektroinstalacije\/razsvetljava\/","og_site_name":"Elektro 49","article_publisher":"https:\/\/www.facebook.com\/Elektro-49-106935184462980","article_modified_time":"2021-10-27T17:28:22+00:00","og_image":[{"url":"https:\/\/elektro49.si\/wp-content\/uploads\/2021\/10\/IMG_20210709_084201-scaled.jpg","type":"","width":"","height":""}],"twitter_card":"summary_large_image","twitter_misc":{"Est. reading time":"2 minuti"},"schema":{"@context":"https:\/\/schema.org","@graph":[{"@type":"WebPage","@id":"https:\/\/elektro49.si\/index.php\/elektroinstalacije\/razsvetljava\/","url":"https:\/\/elektro49.si\/index.php\/elektroinstalacije\/razsvetljava\/","name":"Razsvetljava - Elektro 49","isPartOf":{"@id":"https:\/\/elektro49.si\/#website"},"primaryImageOfPage":{"@id":"https:\/\/elektro49.si\/index.php\/elektroinstalacije\/razsvetljava\/#primaryimage"},"image":{"@id":"https:\/\/elektro49.si\/index.php\/elektroinstalacije\/razsvetljava\/#primaryimage"},"thumbnailUrl":"https:\/\/elektro49.si\/wp-content\/uploads\/2021\/10\/IMG_20210709_084201-scaled.jpg","datePublished":"2021-10-12T16:48:45+00:00","dateModified":"2021-10-27T17:28:22+00:00","description":"Razsvetljava: monta\u017ea razli\u010dnih svetil, kot so: osvetlitev z LED TRAKOVI, osvetlitev z LED LU\u010cMI, osvetlitev z STARINSKIM IZGLEDOM LU\u010cI.","breadcrumb":{"@id":"https:\/\/elektro49.si\/index.php\/elektroinstalacije\/razsvetljava\/#breadcrumb"},"inLanguage":"sl-SI","potentialAction":[{"@type":"ReadAction","target":["https:\/\/elektro49.si\/index.php\/elektroinstalacije\/razsvetljava\/"]}]},{"@type":"ImageObject","inLanguage":"sl-SI","@id":"https:\/\/elektro49.si\/index.php\/elektroinstalacije\/razsvetljava\/#primaryimage","url":"https:\/\/elektro49.si\/wp-content\/uploads\/2021\/10\/IMG_20210709_084201-scaled.jpg","contentUrl":"https:\/\/elektro49.si\/wp-content\/uploads\/2021\/10\/IMG_20210709_084201-scaled.jpg","width":1920,"height":2560},{"@type":"BreadcrumbList","@id":"https:\/\/elektro49.si\/index.php\/elektroinstalacije\/razsvetljava\/#breadcrumb","itemListElement":[{"@type":"ListItem","position":1,"name":"Home","item":"https:\/\/elektro49.si\/"},{"@type":"ListItem","position":2,"name":"ELEKTROIN\u0160TALACIJE","item":"https:\/\/elektro49.si\/index.php\/elektroinstalacije\/"},{"@type":"ListItem","position":3,"name":"Razsvetljava"}]},{"@type":"WebSite","@id":"https:\/\/elektro49.si\/#website","url":"https:\/\/elektro49.si\/","name":"Elektro 49","description":"","publisher":{"@id":"https:\/\/elektro49.si\/#organization"},"potentialAction":[{"@type":"SearchAction","target":{"@type":"EntryPoint","urlTemplate":"https:\/\/elektro49.si\/?s={search_term_string}"},"query-input":{"@type":"PropertyValueSpecification","valueRequired":true,"valueName":"search_term_string"}}],"inLanguage":"sl-SI"},{"@type":"Organization","@id":"https:\/\/elektro49.si\/#organization","name":"Elektro 39, Leon Jan\u017eek s.p.","url":"https:\/\/elektro49.si\/","logo":{"@type":"ImageObject","inLanguage":"sl-SI","@id":"https:\/\/elektro49.si\/#\/schema\/logo\/image\/","url":"https:\/\/elektro49.si\/wp-content\/uploads\/2021\/10\/elektro49-favicon.png","contentUrl":"https:\/\/elektro49.si\/wp-content\/uploads\/2021\/10\/elektro49-favicon.png","width":512,"height":512,"caption":"Elektro 39, Leon Jan\u017eek s.p."},"image":{"@id":"https:\/\/elektro49.si\/#\/schema\/logo\/image\/"},"sameAs":["https:\/\/www.facebook.com\/Elektro-49-106935184462980"]}]}},"acf":[],"_links":{"self":[{"href":"https:\/\/elektro49.si\/index.php\/wp-json\/wp\/v2\/pages\/29","targetHints":{"allow":["GET"]}}],"collection":[{"href":"https:\/\/elektro49.si\/index.php\/wp-json\/wp\/v2\/pages"}],"about":[{"href":"https:\/\/elektro49.si\/index.php\/wp-json\/wp\/v2\/types\/page"}],"author":[{"embeddable":true,"href":"https:\/\/elektro49.si\/index.php\/wp-json\/wp\/v2\/users\/1"}],"replies":[{"embeddable":true,"href":"https:\/\/elektro49.si\/index.php\/wp-json\/wp\/v2\/comments?post=29"}],"version-history":[{"count":0,"href":"https:\/\/elektro49.si\/index.php\/wp-json\/wp\/v2\/pages\/29\/revisions"}],"up":[{"embeddable":true,"href":"https:\/\/elektro49.si\/index.php\/wp-json\/wp\/v2\/pages\/26"}],"wp:attachment":[{"href":"https:\/\/elektro49.si\/index.php\/wp-json\/wp\/v2\/media?parent=29"}],"curies":[{"name":"wp","href":"https:\/\/api.w.org\/{rel}","templated":true}]}}